{"id":23,"date":"2025-10-07T14:26:30","date_gmt":"2025-10-07T14:26:30","guid":{"rendered":"https:\/\/yuexiwang.rkinformatika.online\/?page_id=23"},"modified":"2025-10-07T16:09:38","modified_gmt":"2025-10-07T16:09:38","slug":"productos","status":"publish","type":"page","link":"https:\/\/yuexiwang.es\/en\/productos\/","title":{"rendered":"Products"},"content":{"rendered":"\t\t<div data-elementor-type=\"wp-page\" data-elementor-id=\"23\" class=\"elementor elementor-23\" data-elementor-post-type=\"page\">\n\t\t\t\t<div class=\"elementor-element elementor-element-79b3332 e-con-full e-flex e-con e-parent\" data-id=\"79b3332\" data-element_type=\"container\" data-e-type=\"container\" data-settings=\"{&quot;background_background&quot;:&quot;classic&quot;,&quot;background_motion_fx_motion_fx_scrolling&quot;:&quot;yes&quot;,&quot;background_motion_fx_scale_effect&quot;:&quot;yes&quot;,&quot;background_motion_fx_scale_direction&quot;:&quot;out-in&quot;,&quot;background_motion_fx_scale_speed&quot;:{&quot;unit&quot;:&quot;px&quot;,&quot;size&quot;:4,&quot;sizes&quot;:[]},&quot;background_motion_fx_scale_range&quot;:{&quot;unit&quot;:&quot;%&quot;,&quot;size&quot;:&quot;&quot;,&quot;sizes&quot;:{&quot;start&quot;:20,&quot;end&quot;:80}},&quot;background_motion_fx_devices&quot;:[&quot;desktop&quot;,&quot;tablet&quot;,&quot;mobile&quot;]}\">\n\t\t\t\t<div class=\"elementor-element elementor-element-a460c47 elementor-widget elementor-widget-heading\" data-id=\"a460c47\" data-element_type=\"widget\" data-e-type=\"widget\" data-widget_type=\"heading.default\">\n\t\t\t\t\t<h2 class=\"elementor-heading-title elementor-size-default\">PRODUCTOS<\/h2>\t\t\t\t<\/div>\n\t\t\t\t<\/div>\n\t\t<div class=\"elementor-element elementor-element-16caa59 e-flex e-con-boxed e-con e-parent\" data-id=\"16caa59\" data-element_type=\"container\" data-e-type=\"container\">\n\t\t\t\t\t<div class=\"e-con-inner\">\n\t\t<div class=\"elementor-element elementor-element-40e7b9d e-con-full e-flex e-con e-child\" data-id=\"40e7b9d\" data-element_type=\"container\" data-e-type=\"container\" data-settings=\"{&quot;background_background&quot;:&quot;classic&quot;}\">\n\t\t\t\t<div class=\"elementor-element elementor-element-810a342 elementor-widget elementor-widget-heading\" data-id=\"810a342\" data-element_type=\"widget\" data-e-type=\"widget\" data-widget_type=\"heading.default\">\n\t\t\t\t\t<h2 class=\"elementor-heading-title elementor-size-default\">Art\u00edculos de Bazar y Regalo<\/h2>\t\t\t\t<\/div>\n\t\t\t\t<div class=\"elementor-element elementor-element-50765ba elementor-widget elementor-widget-text-editor\" data-id=\"50765ba\" data-element_type=\"widget\" data-e-type=\"widget\" data-widget_type=\"text-editor.default\">\n\t\t\t\t\t\t\t\t\t<p>Encuentra ideas pr\u00e1cticas y originales para cada ocasi\u00f3n. Desde utensilios y accesorios del hogar hasta detalles \u00fanicos para sorprender.<\/p>\t\t\t\t\t\t\t\t<\/div>\n\t\t\t\t<\/div>\n\t\t<div class=\"elementor-element elementor-element-a9c37a5 e-con-full e-flex e-con e-child\" data-id=\"a9c37a5\" data-element_type=\"container\" data-e-type=\"container\" data-settings=\"{&quot;background_background&quot;:&quot;classic&quot;}\">\n\t\t\t\t<div class=\"elementor-element elementor-element-3173583 elementor-widget elementor-widget-heading\" data-id=\"3173583\" data-element_type=\"widget\" data-e-type=\"widget\" data-widget_type=\"heading.default\">\n\t\t\t\t\t<h2 class=\"elementor-heading-title elementor-size-default\">Decoraci\u00f3n y Hogar<\/h2>\t\t\t\t<\/div>\n\t\t\t\t<div class=\"elementor-element elementor-element-f1149ed elementor-widget elementor-widget-text-editor\" data-id=\"f1149ed\" data-element_type=\"widget\" data-e-type=\"widget\" data-widget_type=\"text-editor.default\">\n\t\t\t\t\t\t\t\t\t<p>Transforma cualquier espacio con estilo. Disponemos de elementos decorativos, textiles y complementos que aportan calidez, armon\u00eda y personalidad a cada rinc\u00f3n.<\/p>\t\t\t\t\t\t\t\t<\/div>\n\t\t\t\t<\/div>\n\t\t\t\t\t<\/div>\n\t\t\t\t<\/div>\n\t\t<div class=\"elementor-element elementor-element-d2f1162 e-flex e-con-boxed e-con e-parent\" data-id=\"d2f1162\" data-element_type=\"container\" data-e-type=\"container\">\n\t\t\t\t\t<div class=\"e-con-inner\">\n\t\t<div class=\"elementor-element elementor-element-5aed567 e-con-full e-flex e-con e-child\" data-id=\"5aed567\" data-element_type=\"container\" data-e-type=\"container\" data-settings=\"{&quot;background_background&quot;:&quot;classic&quot;}\">\n\t\t\t\t<div class=\"elementor-element elementor-element-cb1d088 elementor-widget elementor-widget-heading\" data-id=\"cb1d088\" data-element_type=\"widget\" data-e-type=\"widget\" data-widget_type=\"heading.default\">\n\t\t\t\t\t<h2 class=\"elementor-heading-title elementor-size-default\">Belleza, Higiene y Cuidado Personal<\/h2>\t\t\t\t<\/div>\n\t\t\t\t<div class=\"elementor-element elementor-element-016e2d2 elementor-widget elementor-widget-text-editor\" data-id=\"016e2d2\" data-element_type=\"widget\" data-e-type=\"widget\" data-widget_type=\"text-editor.default\">\n\t\t\t\t\t\t\t\t\t<p>Cuidarte nunca fue tan f\u00e1cil. Ofrecemos una selecci\u00f3n de productos de belleza, cuidado facial, corporal y de higiene diaria que combinan eficacia y bienestar.<\/p>\t\t\t\t\t\t\t\t<\/div>\n\t\t\t\t<\/div>\n\t\t<div class=\"elementor-element elementor-element-623e955 e-con-full e-flex e-con e-child\" data-id=\"623e955\" data-element_type=\"container\" data-e-type=\"container\" data-settings=\"{&quot;background_background&quot;:&quot;classic&quot;}\">\n\t\t\t\t<div class=\"elementor-element elementor-element-95c7c5e elementor-widget elementor-widget-heading\" data-id=\"95c7c5e\" data-element_type=\"widget\" data-e-type=\"widget\" data-widget_type=\"heading.default\">\n\t\t\t\t\t<h2 class=\"elementor-heading-title elementor-size-default\">Limpieza y Organizaci\u00f3n<\/h2>\t\t\t\t<\/div>\n\t\t\t\t<div class=\"elementor-element elementor-element-6023532 elementor-widget elementor-widget-text-editor\" data-id=\"6023532\" data-element_type=\"widget\" data-e-type=\"widget\" data-widget_type=\"text-editor.default\">\n\t\t\t\t\t\t\t\t\t<p>Soluciones pr\u00e1cticas para mantener tus espacios impecables. Productos \u00fatiles, duraderos y f\u00e1ciles de usar para el hogar, la oficina o el negocio.<\/p>\t\t\t\t\t\t\t\t<\/div>\n\t\t\t\t<\/div>\n\t\t\t\t\t<\/div>\n\t\t\t\t<\/div>\n\t\t<div class=\"elementor-element elementor-element-a02c88c e-flex e-con-boxed e-con e-parent\" data-id=\"a02c88c\" data-element_type=\"container\" data-e-type=\"container\">\n\t\t\t\t\t<div class=\"e-con-inner\">\n\t\t<div class=\"elementor-element elementor-element-ef960ae e-con-full e-flex e-con e-child\" data-id=\"ef960ae\" data-element_type=\"container\" data-e-type=\"container\" data-settings=\"{&quot;background_background&quot;:&quot;classic&quot;}\">\n\t\t\t\t<div class=\"elementor-element elementor-element-e756a0a elementor-widget elementor-widget-heading\" data-id=\"e756a0a\" data-element_type=\"widget\" data-e-type=\"widget\" data-widget_type=\"heading.default\">\n\t\t\t\t\t<h2 class=\"elementor-heading-title elementor-size-default\">Bisuter\u00eda y Complementos de Moda<\/h2>\t\t\t\t<\/div>\n\t\t\t\t<div class=\"elementor-element elementor-element-6bdc2e1 elementor-widget elementor-widget-text-editor\" data-id=\"6bdc2e1\" data-element_type=\"widget\" data-e-type=\"widget\" data-widget_type=\"text-editor.default\">\n\t\t\t\t\t\t\t\t\t<p>Descubre piezas modernas, elegantes y vers\u00e1tiles que complementan cualquier estilo. Collares, pendientes, pulseras, relojes y mucho m\u00e1s.<\/p>\t\t\t\t\t\t\t\t<\/div>\n\t\t\t\t<\/div>\n\t\t<div class=\"elementor-element elementor-element-0ca2cf0 e-con-full e-flex e-con e-child\" data-id=\"0ca2cf0\" data-element_type=\"container\" data-e-type=\"container\" data-settings=\"{&quot;background_background&quot;:&quot;classic&quot;}\">\n\t\t\t\t<div class=\"elementor-element elementor-element-1a2466f elementor-widget elementor-widget-heading\" data-id=\"1a2466f\" data-element_type=\"widget\" data-e-type=\"widget\" data-widget_type=\"heading.default\">\n\t\t\t\t\t<h2 class=\"elementor-heading-title elementor-size-default\">Prendas de Vestir y Ropa de Hogar<\/h2>\t\t\t\t<\/div>\n\t\t\t\t<div class=\"elementor-element elementor-element-1bec721 elementor-widget elementor-widget-text-editor\" data-id=\"1bec721\" data-element_type=\"widget\" data-e-type=\"widget\" data-widget_type=\"text-editor.default\">\n\t\t\t\t\t\t\t\t\t<p>Moda actual para todos los gustos y textiles para cada ambiente. Ropa c\u00f3moda, funcional y con estilo, adem\u00e1s de mantas, s\u00e1banas, cojines y m\u00e1s.<\/p>\t\t\t\t\t\t\t\t<\/div>\n\t\t\t\t<\/div>\n\t\t\t\t\t<\/div>\n\t\t\t\t<\/div>\n\t\t<div class=\"elementor-element elementor-element-ed0bda6 e-con-full e-flex e-con e-parent\" data-id=\"ed0bda6\" data-element_type=\"container\" data-e-type=\"container\" data-settings=\"{&quot;background_background&quot;:&quot;classic&quot;}\">\n\t\t\t\t<div class=\"elementor-element elementor-element-79adac4 elementor-cta--skin-cover elementor-animated-content elementor-bg-transform elementor-bg-transform-zoom-in elementor-widget elementor-widget-call-to-action\" data-id=\"79adac4\" data-element_type=\"widget\" data-e-type=\"widget\" data-widget_type=\"call-to-action.default\">\n\t\t\t\t\t\t\t<div class=\"elementor-cta\">\n\t\t\t\t\t<div class=\"elementor-cta__bg-wrapper\">\n\t\t\t\t<div class=\"elementor-cta__bg elementor-bg\" style=\"background-image: url(https:\/\/yuexiwang.es\/wp-content\/uploads\/2025\/10\/2148781889-1024x568.jpg);\" role=\"img\" aria-label=\"2148781889\"><\/div>\n\t\t\t\t<div class=\"elementor-cta__bg-overlay\"><\/div>\n\t\t\t<\/div>\n\t\t\t\t\t\t\t<div class=\"elementor-cta__content\">\n\t\t\t\t\n\t\t\t\t\t\t\t\t\t<h2 class=\"elementor-cta__title elementor-cta__content-item elementor-content-item elementor-animated-item--grow\">\n\t\t\t\t\t\tPide informaci\u00f3n, precios o cat\u00e1logos sin compromiso\t\t\t\t\t<\/h2>\n\t\t\t\t\n\t\t\t\t\t\t\t\t\t<div class=\"elementor-cta__description elementor-cta__content-item elementor-content-item elementor-animated-item--grow\">\n\t\t\t\t\t\tContacta con nosotros y te atenderemos con la m\u00e1xima rapidez y profesionalidad.\t\t\t\t\t<\/div>\n\t\t\t\t\n\t\t\t\t\t\t\t\t\t<div class=\"elementor-cta__button-wrapper elementor-cta__content-item elementor-content-item elementor-animated-item--grow\">\n\t\t\t\t\t<a class=\"elementor-cta__button elementor-button elementor-size-\" href=\"https:\/\/yuexiwang.es\/contacto\/\">\n\t\t\t\t\t\tContacto\t\t\t\t\t<\/a>\n\t\t\t\t\t<\/div>\n\t\t\t\t\t\t\t<\/div>\n\t\t\t\t\t\t<\/div>\n\t\t\t\t\t\t<\/div>\n\t\t\t\t<\/div>\n\t\t\t\t<\/div>\n\t\t","protected":false},"excerpt":{"rendered":"<p>PRODUCTOS Art\u00edculos de Bazar y Regalo Encuentra ideas pr\u00e1cticas y originales para cada ocasi\u00f3n. Desde utensilios y accesorios del hogar hasta detalles \u00fanicos para sorprender. Decoraci\u00f3n y Hogar Transforma cualquier espacio con estilo. Disponemos de elementos decorativos, textiles y complementos que aportan calidez, armon\u00eda y personalidad a cada rinc\u00f3n. Belleza, Higiene y Cuidado Personal Cuidarte [&hellip;]<\/p>\n","protected":false},"author":1,"featured_media":0,"parent":0,"menu_order":0,"comment_status":"closed","ping_status":"closed","template":"elementor_canvas","meta":{"footnotes":""},"class_list":["post-23","page","type-page","status-publish","hentry"],"yoast_head":"<!-- This site is optimized with the Yoast SEO plugin v27.3 - https:\/\/yoast.com\/product\/yoast-seo-wordpress\/ -->\n<title>Productos - Yuexi Wang<\/title>\n<meta name=\"robots\" content=\"index, follow, max-snippet:-1, max-image-preview:large, max-video-preview:-1\" \/>\n<link rel=\"canonical\" href=\"https:\/\/yuexiwang.es\/en\/productos\/\" \/>\n<meta property=\"og:locale\" content=\"en_GB\" \/>\n<meta property=\"og:type\" content=\"article\" \/>\n<meta property=\"og:title\" content=\"Productos - Yuexi Wang\" \/>\n<meta property=\"og:description\" content=\"PRODUCTOS Art\u00edculos de Bazar y Regalo Encuentra ideas pr\u00e1cticas y originales para cada ocasi\u00f3n. Desde utensilios y accesorios del hogar hasta detalles \u00fanicos para sorprender. Decoraci\u00f3n y Hogar Transforma cualquier espacio con estilo. Disponemos de elementos decorativos, textiles y complementos que aportan calidez, armon\u00eda y personalidad a cada rinc\u00f3n. Belleza, Higiene y Cuidado Personal Cuidarte [&hellip;]\" \/>\n<meta property=\"og:url\" content=\"https:\/\/yuexiwang.es\/en\/productos\/\" \/>\n<meta property=\"og:site_name\" content=\"Yuexi Wang\" \/>\n<meta property=\"article:modified_time\" content=\"2025-10-07T16:09:38+00:00\" \/>\n<meta name=\"twitter:card\" content=\"summary_large_image\" \/>\n<meta name=\"twitter:label1\" content=\"Estimated reading time\" \/>\n\t<meta name=\"twitter:data1\" content=\"1 minute\" \/>\n<script type=\"application\/ld+json\" class=\"yoast-schema-graph\">{\"@context\":\"https:\\\/\\\/schema.org\",\"@graph\":[{\"@type\":\"WebPage\",\"@id\":\"https:\\\/\\\/yuexiwang.es\\\/productos\\\/\",\"url\":\"https:\\\/\\\/yuexiwang.es\\\/productos\\\/\",\"name\":\"Productos - Yuexi Wang\",\"isPartOf\":{\"@id\":\"https:\\\/\\\/yuexiwang.es\\\/#website\"},\"datePublished\":\"2025-10-07T14:26:30+00:00\",\"dateModified\":\"2025-10-07T16:09:38+00:00\",\"breadcrumb\":{\"@id\":\"https:\\\/\\\/yuexiwang.es\\\/productos\\\/#breadcrumb\"},\"inLanguage\":\"en-GB\",\"potentialAction\":[{\"@type\":\"ReadAction\",\"target\":[\"https:\\\/\\\/yuexiwang.es\\\/productos\\\/\"]}]},{\"@type\":\"BreadcrumbList\",\"@id\":\"https:\\\/\\\/yuexiwang.es\\\/productos\\\/#breadcrumb\",\"itemListElement\":[{\"@type\":\"ListItem\",\"position\":1,\"name\":\"Portada\",\"item\":\"https:\\\/\\\/yuexiwang.es\\\/\"},{\"@type\":\"ListItem\",\"position\":2,\"name\":\"Productos\"}]},{\"@type\":\"WebSite\",\"@id\":\"https:\\\/\\\/yuexiwang.es\\\/#website\",\"url\":\"https:\\\/\\\/yuexiwang.es\\\/\",\"name\":\"Yuexi Wang\",\"description\":\"Bazar\",\"publisher\":{\"@id\":\"https:\\\/\\\/yuexiwang.es\\\/#organization\"},\"potentialAction\":[{\"@type\":\"SearchAction\",\"target\":{\"@type\":\"EntryPoint\",\"urlTemplate\":\"https:\\\/\\\/yuexiwang.es\\\/?s={search_term_string}\"},\"query-input\":{\"@type\":\"PropertyValueSpecification\",\"valueRequired\":true,\"valueName\":\"search_term_string\"}}],\"inLanguage\":\"en-GB\"},{\"@type\":\"Organization\",\"@id\":\"https:\\\/\\\/yuexiwang.es\\\/#organization\",\"name\":\"Yuexi Wang\",\"url\":\"https:\\\/\\\/yuexiwang.es\\\/\",\"logo\":{\"@type\":\"ImageObject\",\"inLanguage\":\"en-GB\",\"@id\":\"https:\\\/\\\/yuexiwang.es\\\/#\\\/schema\\\/logo\\\/image\\\/\",\"url\":\"https:\\\/\\\/yuexiwang.es\\\/wp-content\\\/uploads\\\/2025\\\/10\\\/cropped-Yuee-Qiu-2.png\",\"contentUrl\":\"https:\\\/\\\/yuexiwang.es\\\/wp-content\\\/uploads\\\/2025\\\/10\\\/cropped-Yuee-Qiu-2.png\",\"width\":381,\"height\":210,\"caption\":\"Yuexi Wang\"},\"image\":{\"@id\":\"https:\\\/\\\/yuexiwang.es\\\/#\\\/schema\\\/logo\\\/image\\\/\"}}]}<\/script>\n<!-- \/ Yoast SEO plugin. -->","yoast_head_json":{"title":"Productos - Yuexi Wang","robots":{"index":"index","follow":"follow","max-snippet":"max-snippet:-1","max-image-preview":"max-image-preview:large","max-video-preview":"max-video-preview:-1"},"canonical":"https:\/\/yuexiwang.es\/en\/productos\/","og_locale":"en_GB","og_type":"article","og_title":"Productos - Yuexi Wang","og_description":"PRODUCTOS Art\u00edculos de Bazar y Regalo Encuentra ideas pr\u00e1cticas y originales para cada ocasi\u00f3n. Desde utensilios y accesorios del hogar hasta detalles \u00fanicos para sorprender. Decoraci\u00f3n y Hogar Transforma cualquier espacio con estilo. Disponemos de elementos decorativos, textiles y complementos que aportan calidez, armon\u00eda y personalidad a cada rinc\u00f3n. Belleza, Higiene y Cuidado Personal Cuidarte [&hellip;]","og_url":"https:\/\/yuexiwang.es\/en\/productos\/","og_site_name":"Yuexi Wang","article_modified_time":"2025-10-07T16:09:38+00:00","twitter_card":"summary_large_image","twitter_misc":{"Estimated reading time":"1 minute"},"schema":{"@context":"https:\/\/schema.org","@graph":[{"@type":"WebPage","@id":"https:\/\/yuexiwang.es\/productos\/","url":"https:\/\/yuexiwang.es\/productos\/","name":"Productos - Yuexi Wang","isPartOf":{"@id":"https:\/\/yuexiwang.es\/#website"},"datePublished":"2025-10-07T14:26:30+00:00","dateModified":"2025-10-07T16:09:38+00:00","breadcrumb":{"@id":"https:\/\/yuexiwang.es\/productos\/#breadcrumb"},"inLanguage":"en-GB","potentialAction":[{"@type":"ReadAction","target":["https:\/\/yuexiwang.es\/productos\/"]}]},{"@type":"BreadcrumbList","@id":"https:\/\/yuexiwang.es\/productos\/#breadcrumb","itemListElement":[{"@type":"ListItem","position":1,"name":"Portada","item":"https:\/\/yuexiwang.es\/"},{"@type":"ListItem","position":2,"name":"Productos"}]},{"@type":"WebSite","@id":"https:\/\/yuexiwang.es\/#website","url":"https:\/\/yuexiwang.es\/","name":"Yuexi Wang","description":"Bazar","publisher":{"@id":"https:\/\/yuexiwang.es\/#organization"},"potentialAction":[{"@type":"SearchAction","target":{"@type":"EntryPoint","urlTemplate":"https:\/\/yuexiwang.es\/?s={search_term_string}"},"query-input":{"@type":"PropertyValueSpecification","valueRequired":true,"valueName":"search_term_string"}}],"inLanguage":"en-GB"},{"@type":"Organization","@id":"https:\/\/yuexiwang.es\/#organization","name":"Yuexi Wang","url":"https:\/\/yuexiwang.es\/","logo":{"@type":"ImageObject","inLanguage":"en-GB","@id":"https:\/\/yuexiwang.es\/#\/schema\/logo\/image\/","url":"https:\/\/yuexiwang.es\/wp-content\/uploads\/2025\/10\/cropped-Yuee-Qiu-2.png","contentUrl":"https:\/\/yuexiwang.es\/wp-content\/uploads\/2025\/10\/cropped-Yuee-Qiu-2.png","width":381,"height":210,"caption":"Yuexi Wang"},"image":{"@id":"https:\/\/yuexiwang.es\/#\/schema\/logo\/image\/"}}]}},"_links":{"self":[{"href":"https:\/\/yuexiwang.es\/en\/wp-json\/wp\/v2\/pages\/23","targetHints":{"allow":["GET"]}}],"collection":[{"href":"https:\/\/yuexiwang.es\/en\/wp-json\/wp\/v2\/pages"}],"about":[{"href":"https:\/\/yuexiwang.es\/en\/wp-json\/wp\/v2\/types\/page"}],"author":[{"embeddable":true,"href":"https:\/\/yuexiwang.es\/en\/wp-json\/wp\/v2\/users\/1"}],"replies":[{"embeddable":true,"href":"https:\/\/yuexiwang.es\/en\/wp-json\/wp\/v2\/comments?post=23"}],"version-history":[{"count":52,"href":"https:\/\/yuexiwang.es\/en\/wp-json\/wp\/v2\/pages\/23\/revisions"}],"predecessor-version":[{"id":226,"href":"https:\/\/yuexiwang.es\/en\/wp-json\/wp\/v2\/pages\/23\/revisions\/226"}],"wp:attachment":[{"href":"https:\/\/yuexiwang.es\/en\/wp-json\/wp\/v2\/media?parent=23"}],"curies":[{"name":"wp","href":"https:\/\/api.w.org\/{rel}","templated":true}]}}