{"id":20,"date":"2025-10-07T14:24:45","date_gmt":"2025-10-07T14:24:45","guid":{"rendered":"https:\/\/yuexiwang.rkinformatika.online\/?page_id=20"},"modified":"2025-10-07T16:10:54","modified_gmt":"2025-10-07T16:10:54","slug":"inicio","status":"publish","type":"page","link":"https:\/\/yuexiwang.es\/en\/","title":{"rendered":"Home"},"content":{"rendered":"<div data-elementor-type=\"wp-page\" data-elementor-id=\"20\" class=\"elementor elementor-20\" data-elementor-post-type=\"page\">\n\t\t\t\t<div class=\"elementor-element elementor-element-82d9723 e-con-full e-flex e-con e-parent\" data-id=\"82d9723\" data-element_type=\"container\" data-e-type=\"container\" data-settings=\"{&quot;background_background&quot;:&quot;classic&quot;}\">\n\t\t\t\t<div class=\"elementor-element elementor-element-5626281 elementor-widget elementor-widget-heading\" data-id=\"5626281\" data-element_type=\"widget\" data-e-type=\"widget\" data-widget_type=\"heading.default\">\n\t\t\t\t\t<h2 class=\"elementor-heading-title elementor-size-default\">Yuexi Wang<\/h2>\t\t\t\t<\/div>\n\t\t\t\t<\/div>\n\t\t<div class=\"elementor-element elementor-element-e55c68f e-flex e-con-boxed e-con e-parent\" data-id=\"e55c68f\" data-element_type=\"container\" data-e-type=\"container\" data-settings=\"{&quot;background_background&quot;:&quot;classic&quot;}\">\n\t\t\t\t\t<div class=\"e-con-inner\">\n\t\t<div class=\"elementor-element elementor-element-a04f365 e-con-full e-flex e-con e-child\" data-id=\"a04f365\" data-element_type=\"container\" data-e-type=\"container\">\n\t\t\t\t<div class=\"elementor-element elementor-element-7a08427 elementor-widget elementor-widget-image\" data-id=\"7a08427\" data-element_type=\"widget\" data-e-type=\"widget\" data-widget_type=\"image.default\">\n\t\t\t\t\t\t\t\t\t\t\t\t\t\t\t<img fetchpriority=\"high\" decoding=\"async\" width=\"800\" height=\"534\" src=\"https:\/\/yuexiwang.es\/wp-content\/uploads\/2025\/10\/43148-1024x683.jpg\" class=\"attachment-large size-large wp-image-138\" alt=\"\" srcset=\"https:\/\/yuexiwang.es\/wp-content\/uploads\/2025\/10\/43148-1024x683.jpg 1024w, https:\/\/yuexiwang.es\/wp-content\/uploads\/2025\/10\/43148-300x200.jpg 300w, https:\/\/yuexiwang.es\/wp-content\/uploads\/2025\/10\/43148-768x512.jpg 768w, https:\/\/yuexiwang.es\/wp-content\/uploads\/2025\/10\/43148-18x12.jpg 18w, https:\/\/yuexiwang.es\/wp-content\/uploads\/2025\/10\/43148.jpg 1500w\" sizes=\"(max-width: 800px) 100vw, 800px\" \/>\t\t\t\t\t\t\t\t\t\t\t\t\t\t\t<\/div>\n\t\t\t\t<\/div>\n\t\t<div class=\"elementor-element elementor-element-f599a85 e-con-full e-flex e-con e-child\" data-id=\"f599a85\" data-element_type=\"container\" data-e-type=\"container\">\n\t\t\t\t<div class=\"elementor-element elementor-element-fd8922e elementor-widget elementor-widget-heading\" data-id=\"fd8922e\" data-element_type=\"widget\" data-e-type=\"widget\" data-widget_type=\"heading.default\">\n\t\t\t\t\t<h2 class=\"elementor-heading-title elementor-size-default\">About us<\/h2>\t\t\t\t<\/div>\n\t\t\t\t<div class=\"elementor-element elementor-element-c8e7f78 elementor-widget elementor-widget-text-editor\" data-id=\"c8e7f78\" data-element_type=\"widget\" data-e-type=\"widget\" data-widget_type=\"text-editor.default\">\n\t\t\t\t\t\t\t\t\t<p data-start=\"324\" data-end=\"633\">At Yuexi Wang, we are passionate about providing quality products that make life more practical, comfortable, and stylish.<br data-start=\"445\" data-end=\"448\" \/>Our commitment is to provide our customers with a wide selection of items carefully chosen for their design, functionality, and excellent value.<\/p><p data-start=\"635\" data-end=\"897\">We have an extensive catalog that includes bazaar items, gifts, home decor, beauty, hygiene, cleaning products, jewelry, leather goods, clothing, footwear, accessories, household linens, stationery, and electrical and electronic products.<\/p>\t\t\t\t\t\t\t\t<\/div>\n\t\t\t\t<\/div>\n\t\t\t\t\t<\/div>\n\t\t\t\t<\/div>\n\t\t<div class=\"elementor-element elementor-element-546bf44 e-con-full e-flex e-con e-parent\" data-id=\"546bf44\" data-element_type=\"container\" data-e-type=\"container\" data-settings=\"{&quot;background_background&quot;:&quot;classic&quot;}\">\n\t\t\t\t<div class=\"elementor-element elementor-element-84c73c0 elementor-cta--skin-cover elementor-animated-content elementor-bg-transform elementor-bg-transform-zoom-in elementor-widget elementor-widget-call-to-action\" data-id=\"84c73c0\" data-element_type=\"widget\" data-e-type=\"widget\" data-widget_type=\"call-to-action.default\">\n\t\t\t\t\t\t\t<div class=\"elementor-cta\">\n\t\t\t\t\t<div class=\"elementor-cta__bg-wrapper\">\n\t\t\t\t<div class=\"elementor-cta__bg elementor-bg\" style=\"background-image: url(https:\/\/yuexiwang.es\/wp-content\/uploads\/2025\/10\/2148781889-1024x568.jpg);\" role=\"img\" aria-label=\"2148781889\"><\/div>\n\t\t\t\t<div class=\"elementor-cta__bg-overlay\"><\/div>\n\t\t\t<\/div>\n\t\t\t\t\t\t\t<div class=\"elementor-cta__content\">\n\t\t\t\t\n\t\t\t\t\t\t\t\t\t<h2 class=\"elementor-cta__title elementor-cta__content-item elementor-content-item elementor-animated-item--grow\">\n\t\t\t\t\t\tVariety, quality and style in one place\t\t\t\t\t<\/h2>\n\t\t\t\t\n\t\t\t\t\t\t\t\t\t<div class=\"elementor-cta__description elementor-cta__content-item elementor-content-item elementor-animated-item--grow\">\n\t\t\t\t\t\tFind the perfect product for every moment.\t\t\t\t\t<\/div>\n\t\t\t\t\n\t\t\t\t\t\t\t\t\t<div class=\"elementor-cta__button-wrapper elementor-cta__content-item elementor-content-item elementor-animated-item--grow\">\n\t\t\t\t\t<a class=\"elementor-cta__button elementor-button elementor-size-\" href=\"https:\/\/yuexiwang.es\/en\/productos\/\">\n\t\t\t\t\t\tProducts\t\t\t\t\t<\/a>\n\t\t\t\t\t<\/div>\n\t\t\t\t\t\t\t<\/div>\n\t\t\t\t\t\t<\/div>\n\t\t\t\t\t\t<\/div>\n\t\t\t\t<\/div>\n\t\t\t\t<\/div>","protected":false},"excerpt":{"rendered":"<p>Yuexi Wang Sobre nosotros En Yuexi Wang nos apasiona ofrecer productos de calidad que hacen la vida m\u00e1s pr\u00e1ctica, c\u00f3moda y llena de estilo.Nuestro compromiso es poner al alcance de nuestros clientes una amplia selecci\u00f3n de art\u00edculos cuidadosamente elegidos por su dise\u00f1o, funcionalidad y excelente relaci\u00f3n calidad-precio. Contamos con un extenso cat\u00e1logo que incluye art\u00edculos [&hellip;]<\/p>\n","protected":false},"author":1,"featured_media":0,"parent":0,"menu_order":0,"comment_status":"closed","ping_status":"closed","template":"elementor_canvas","meta":{"footnotes":""},"class_list":["post-20","page","type-page","status-publish","hentry"],"yoast_head":"<!-- This site is optimized with the Yoast SEO plugin v27.3 - https:\/\/yoast.com\/product\/yoast-seo-wordpress\/ -->\n<title>Inicio - Yuexi Wang<\/title>\n<meta name=\"robots\" content=\"index, follow, max-snippet:-1, max-image-preview:large, max-video-preview:-1\" \/>\n<link rel=\"canonical\" href=\"https:\/\/yuexiwang.es\/en\/\" \/>\n<meta property=\"og:locale\" content=\"en_GB\" \/>\n<meta property=\"og:type\" content=\"article\" \/>\n<meta property=\"og:title\" content=\"Inicio - Yuexi Wang\" \/>\n<meta property=\"og:description\" content=\"Yuexi Wang Sobre nosotros En Yuexi Wang nos apasiona ofrecer productos de calidad que hacen la vida m\u00e1s pr\u00e1ctica, c\u00f3moda y llena de estilo.Nuestro compromiso es poner al alcance de nuestros clientes una amplia selecci\u00f3n de art\u00edculos cuidadosamente elegidos por su dise\u00f1o, funcionalidad y excelente relaci\u00f3n calidad-precio. Contamos con un extenso cat\u00e1logo que incluye art\u00edculos [&hellip;]\" \/>\n<meta property=\"og:url\" content=\"https:\/\/yuexiwang.es\/en\/\" \/>\n<meta property=\"og:site_name\" content=\"Yuexi Wang\" \/>\n<meta property=\"article:modified_time\" content=\"2025-10-07T16:10:54+00:00\" \/>\n<meta property=\"og:image\" content=\"https:\/\/yuexiwang.es\/wp-content\/uploads\/2025\/10\/43148-1024x683.jpg\" \/>\n<meta name=\"twitter:card\" content=\"summary_large_image\" \/>\n<meta name=\"twitter:label1\" content=\"Estimated reading time\" \/>\n\t<meta name=\"twitter:data1\" content=\"1 minute\" \/>\n<script type=\"application\/ld+json\" class=\"yoast-schema-graph\">{\"@context\":\"https:\\\/\\\/schema.org\",\"@graph\":[{\"@type\":\"WebPage\",\"@id\":\"https:\\\/\\\/yuexiwang.es\\\/\",\"url\":\"https:\\\/\\\/yuexiwang.es\\\/\",\"name\":\"Inicio - Yuexi Wang\",\"isPartOf\":{\"@id\":\"https:\\\/\\\/yuexiwang.es\\\/#website\"},\"primaryImageOfPage\":{\"@id\":\"https:\\\/\\\/yuexiwang.es\\\/#primaryimage\"},\"image\":{\"@id\":\"https:\\\/\\\/yuexiwang.es\\\/#primaryimage\"},\"thumbnailUrl\":\"https:\\\/\\\/yuexiwang.es\\\/wp-content\\\/uploads\\\/2025\\\/10\\\/43148-1024x683.jpg\",\"datePublished\":\"2025-10-07T14:24:45+00:00\",\"dateModified\":\"2025-10-07T16:10:54+00:00\",\"breadcrumb\":{\"@id\":\"https:\\\/\\\/yuexiwang.es\\\/#breadcrumb\"},\"inLanguage\":\"en-GB\",\"potentialAction\":[{\"@type\":\"ReadAction\",\"target\":[\"https:\\\/\\\/yuexiwang.es\\\/\"]}]},{\"@type\":\"ImageObject\",\"inLanguage\":\"en-GB\",\"@id\":\"https:\\\/\\\/yuexiwang.es\\\/#primaryimage\",\"url\":\"https:\\\/\\\/yuexiwang.es\\\/wp-content\\\/uploads\\\/2025\\\/10\\\/43148-1024x683.jpg\",\"contentUrl\":\"https:\\\/\\\/yuexiwang.es\\\/wp-content\\\/uploads\\\/2025\\\/10\\\/43148-1024x683.jpg\"},{\"@type\":\"BreadcrumbList\",\"@id\":\"https:\\\/\\\/yuexiwang.es\\\/#breadcrumb\",\"itemListElement\":[{\"@type\":\"ListItem\",\"position\":1,\"name\":\"Portada\",\"item\":\"https:\\\/\\\/yuexiwang.es\\\/\"},{\"@type\":\"ListItem\",\"position\":2,\"name\":\"Inicio\"}]},{\"@type\":\"WebSite\",\"@id\":\"https:\\\/\\\/yuexiwang.es\\\/#website\",\"url\":\"https:\\\/\\\/yuexiwang.es\\\/\",\"name\":\"Yuexi Wang\",\"description\":\"Bazar\",\"publisher\":{\"@id\":\"https:\\\/\\\/yuexiwang.es\\\/#organization\"},\"potentialAction\":[{\"@type\":\"SearchAction\",\"target\":{\"@type\":\"EntryPoint\",\"urlTemplate\":\"https:\\\/\\\/yuexiwang.es\\\/?s={search_term_string}\"},\"query-input\":{\"@type\":\"PropertyValueSpecification\",\"valueRequired\":true,\"valueName\":\"search_term_string\"}}],\"inLanguage\":\"en-GB\"},{\"@type\":\"Organization\",\"@id\":\"https:\\\/\\\/yuexiwang.es\\\/#organization\",\"name\":\"Yuexi Wang\",\"url\":\"https:\\\/\\\/yuexiwang.es\\\/\",\"logo\":{\"@type\":\"ImageObject\",\"inLanguage\":\"en-GB\",\"@id\":\"https:\\\/\\\/yuexiwang.es\\\/#\\\/schema\\\/logo\\\/image\\\/\",\"url\":\"https:\\\/\\\/yuexiwang.es\\\/wp-content\\\/uploads\\\/2025\\\/10\\\/cropped-Yuee-Qiu-2.png\",\"contentUrl\":\"https:\\\/\\\/yuexiwang.es\\\/wp-content\\\/uploads\\\/2025\\\/10\\\/cropped-Yuee-Qiu-2.png\",\"width\":381,\"height\":210,\"caption\":\"Yuexi Wang\"},\"image\":{\"@id\":\"https:\\\/\\\/yuexiwang.es\\\/#\\\/schema\\\/logo\\\/image\\\/\"}}]}<\/script>\n<!-- \/ Yoast SEO plugin. -->","yoast_head_json":{"title":"Inicio - Yuexi Wang","robots":{"index":"index","follow":"follow","max-snippet":"max-snippet:-1","max-image-preview":"max-image-preview:large","max-video-preview":"max-video-preview:-1"},"canonical":"https:\/\/yuexiwang.es\/en\/","og_locale":"en_GB","og_type":"article","og_title":"Inicio - Yuexi Wang","og_description":"Yuexi Wang Sobre nosotros En Yuexi Wang nos apasiona ofrecer productos de calidad que hacen la vida m\u00e1s pr\u00e1ctica, c\u00f3moda y llena de estilo.Nuestro compromiso es poner al alcance de nuestros clientes una amplia selecci\u00f3n de art\u00edculos cuidadosamente elegidos por su dise\u00f1o, funcionalidad y excelente relaci\u00f3n calidad-precio. Contamos con un extenso cat\u00e1logo que incluye art\u00edculos [&hellip;]","og_url":"https:\/\/yuexiwang.es\/en\/","og_site_name":"Yuexi Wang","article_modified_time":"2025-10-07T16:10:54+00:00","og_image":[{"url":"https:\/\/yuexiwang.es\/wp-content\/uploads\/2025\/10\/43148-1024x683.jpg","type":"","width":"","height":""}],"twitter_card":"summary_large_image","twitter_misc":{"Estimated reading time":"1 minute"},"schema":{"@context":"https:\/\/schema.org","@graph":[{"@type":"WebPage","@id":"https:\/\/yuexiwang.es\/","url":"https:\/\/yuexiwang.es\/","name":"Inicio - Yuexi Wang","isPartOf":{"@id":"https:\/\/yuexiwang.es\/#website"},"primaryImageOfPage":{"@id":"https:\/\/yuexiwang.es\/#primaryimage"},"image":{"@id":"https:\/\/yuexiwang.es\/#primaryimage"},"thumbnailUrl":"https:\/\/yuexiwang.es\/wp-content\/uploads\/2025\/10\/43148-1024x683.jpg","datePublished":"2025-10-07T14:24:45+00:00","dateModified":"2025-10-07T16:10:54+00:00","breadcrumb":{"@id":"https:\/\/yuexiwang.es\/#breadcrumb"},"inLanguage":"en-GB","potentialAction":[{"@type":"ReadAction","target":["https:\/\/yuexiwang.es\/"]}]},{"@type":"ImageObject","inLanguage":"en-GB","@id":"https:\/\/yuexiwang.es\/#primaryimage","url":"https:\/\/yuexiwang.es\/wp-content\/uploads\/2025\/10\/43148-1024x683.jpg","contentUrl":"https:\/\/yuexiwang.es\/wp-content\/uploads\/2025\/10\/43148-1024x683.jpg"},{"@type":"BreadcrumbList","@id":"https:\/\/yuexiwang.es\/#breadcrumb","itemListElement":[{"@type":"ListItem","position":1,"name":"Portada","item":"https:\/\/yuexiwang.es\/"},{"@type":"ListItem","position":2,"name":"Inicio"}]},{"@type":"WebSite","@id":"https:\/\/yuexiwang.es\/#website","url":"https:\/\/yuexiwang.es\/","name":"Yuexi Wang","description":"Bazar","publisher":{"@id":"https:\/\/yuexiwang.es\/#organization"},"potentialAction":[{"@type":"SearchAction","target":{"@type":"EntryPoint","urlTemplate":"https:\/\/yuexiwang.es\/?s={search_term_string}"},"query-input":{"@type":"PropertyValueSpecification","valueRequired":true,"valueName":"search_term_string"}}],"inLanguage":"en-GB"},{"@type":"Organization","@id":"https:\/\/yuexiwang.es\/#organization","name":"Yuexi Wang","url":"https:\/\/yuexiwang.es\/","logo":{"@type":"ImageObject","inLanguage":"en-GB","@id":"https:\/\/yuexiwang.es\/#\/schema\/logo\/image\/","url":"https:\/\/yuexiwang.es\/wp-content\/uploads\/2025\/10\/cropped-Yuee-Qiu-2.png","contentUrl":"https:\/\/yuexiwang.es\/wp-content\/uploads\/2025\/10\/cropped-Yuee-Qiu-2.png","width":381,"height":210,"caption":"Yuexi Wang"},"image":{"@id":"https:\/\/yuexiwang.es\/#\/schema\/logo\/image\/"}}]}},"_links":{"self":[{"href":"https:\/\/yuexiwang.es\/en\/wp-json\/wp\/v2\/pages\/20","targetHints":{"allow":["GET"]}}],"collection":[{"href":"https:\/\/yuexiwang.es\/en\/wp-json\/wp\/v2\/pages"}],"about":[{"href":"https:\/\/yuexiwang.es\/en\/wp-json\/wp\/v2\/types\/page"}],"author":[{"embeddable":true,"href":"https:\/\/yuexiwang.es\/en\/wp-json\/wp\/v2\/users\/1"}],"replies":[{"embeddable":true,"href":"https:\/\/yuexiwang.es\/en\/wp-json\/wp\/v2\/comments?post=20"}],"version-history":[{"count":40,"href":"https:\/\/yuexiwang.es\/en\/wp-json\/wp\/v2\/pages\/20\/revisions"}],"predecessor-version":[{"id":229,"href":"https:\/\/yuexiwang.es\/en\/wp-json\/wp\/v2\/pages\/20\/revisions\/229"}],"wp:attachment":[{"href":"https:\/\/yuexiwang.es\/en\/wp-json\/wp\/v2\/media?parent=20"}],"curies":[{"name":"wp","href":"https:\/\/api.w.org\/{rel}","templated":true}]}}